{"id":25242,"date":"2020-09-21T22:41:47","date_gmt":"2020-09-21T20:41:47","guid":{"rendered":"http:\/\/nettoyage-ascenseurs-vitres.com\/?page_id=25242"},"modified":"2020-10-17T05:28:14","modified_gmt":"2020-10-17T03:28:14","slug":"references","status":"publish","type":"page","link":"http:\/\/nettoyage-ascenseurs-vitres.com\/index.php\/references\/","title":{"rendered":"R\u00e9f\u00e9rences"},"content":{"rendered":"<p>[vc_row][vc_column][vc_column_text]<\/p>\n<h4 style=\"text-align: center;\">nos r\u00e9f\u00e9rences<\/h4>\n<p>[\/vc_column_text][\/vc_column][\/vc_row][vc_row][vc_column width=&#8221;1\/3&#8243;][vc_single_image image=&#8221;25541&#8243; img_size=&#8221;&#8221; alignment=&#8221;center&#8221;][vc_column_text]<\/p>\n<h6 style=\"text-align: center;\">administrateur de biens<\/h6>\n<h6 style=\"text-align: center;\">Cabinet Hellier du Verneuil<\/h6>\n<h6 style=\"text-align: center;\">75008 Paris<\/h6>\n<p>[\/vc_column_text][\/vc_column][vc_column width=&#8221;1\/3&#8243;][vc_single_image image=&#8221;25540&#8243; img_size=&#8221;&#8221; alignment=&#8221;center&#8221;][vc_column_text]<\/p>\n<h6 style=\"text-align: center;\">Soci\u00e9t\u00e9 de Gestion Immobil\u00e8re<\/h6>\n<h6 style=\"text-align: center;\">Messieurs langlois et compagnie<\/h6>\n<h6 style=\"text-align: center;\">75008 paris<\/h6>\n<p>[\/vc_column_text][\/vc_column][vc_column width=&#8221;1\/3&#8243;][vc_single_image image=&#8221;25542&#8243; img_size=&#8221;&#8221; alignment=&#8221;center&#8221;][vc_column_text]<\/p>\n<h6 style=\"text-align: center;\">syndic de copropri\u00e9t\u00e9<\/h6>\n<h6 style=\"text-align: center;\">vianova gestion<\/h6>\n<h6 style=\"text-align: center;\">92100 boulogne billancourt<\/h6>\n<p>[\/vc_column_text][\/vc_column][\/vc_row][vc_row][vc_column width=&#8221;1\/3&#8243;][vc_single_image image=&#8221;25538&#8243; img_size=&#8221;&#8221; alignment=&#8221;center&#8221;][vc_column_text]<\/p>\n<h6 style=\"text-align: center;\">syndic de copropri\u00e9t\u00e9<\/h6>\n<h6 style=\"text-align: center;\">foncia paris rive droite<\/h6>\n<h6 style=\"text-align: center;\">75009 Paris<\/h6>\n<p>[\/vc_column_text][\/vc_column][vc_column width=&#8221;1\/3&#8243;][vc_single_image image=&#8221;25539&#8243; img_size=&#8221;&#8221; alignment=&#8221;center&#8221;][vc_column_text]<\/p>\n<h6 style=\"text-align: center;\">syndic de copropri\u00e9t\u00e9<\/h6>\n<h6 style=\"text-align: center;\">cabinet griffaton<\/h6>\n<h6 style=\"text-align: center;\">75015 paris<\/h6>\n<p>[\/vc_column_text][\/vc_column][vc_column width=&#8221;1\/3&#8243;][\/vc_column][\/vc_row]<\/p>\n","protected":false},"excerpt":{"rendered":"<p>[vc_row][vc_column][vc_column_text] nos r\u00e9f\u00e9rences [\/vc_column_text][\/vc_column][\/vc_row][vc_row][vc_column width=&#8221;1\/3&#8243;][vc_single_image image=&#8221;25541&#8243; img_size=&#8221;&#8221; alignment=&#8221;center&#8221;][vc_column_text] administrateur de biens Cabinet Hellier du Verneuil 75008 Paris [\/vc_column_text][\/vc_column][vc_column width=&#8221;1\/3&#8243;][vc_single_image image=&#8221;25540&#8243;&#8230;<\/p>\n","protected":false},"author":1,"featured_media":0,"parent":0,"menu_order":0,"comment_status":"closed","ping_status":"closed","template":"","meta":[],"_links":{"self":[{"href":"http:\/\/nettoyage-ascenseurs-vitres.com\/index.php\/wp-json\/wp\/v2\/pages\/25242"}],"collection":[{"href":"http:\/\/nettoyage-ascenseurs-vitres.com\/index.php\/wp-json\/wp\/v2\/pages"}],"about":[{"href":"http:\/\/nettoyage-ascenseurs-vitres.com\/index.php\/wp-json\/wp\/v2\/types\/page"}],"author":[{"embeddable":true,"href":"http:\/\/nettoyage-ascenseurs-vitres.com\/index.php\/wp-json\/wp\/v2\/users\/1"}],"replies":[{"embeddable":true,"href":"http:\/\/nettoyage-ascenseurs-vitres.com\/index.php\/wp-json\/wp\/v2\/comments?post=25242"}],"version-history":[{"count":0,"href":"http:\/\/nettoyage-ascenseurs-vitres.com\/index.php\/wp-json\/wp\/v2\/pages\/25242\/revisions"}],"wp:attachment":[{"href":"http:\/\/nettoyage-ascenseurs-vitres.com\/index.php\/wp-json\/wp\/v2\/media?parent=25242"}],"curies":[{"name":"wp","href":"https:\/\/api.w.org\/{rel}","templated":true}]}}