{"id":25243,"date":"2020-09-21T22:41:50","date_gmt":"2020-09-21T20:41:50","guid":{"rendered":"http:\/\/nettoyage-ascenseurs-vitres.com\/?page_id=25243"},"modified":"2020-10-29T14:45:37","modified_gmt":"2020-10-29T13:45:37","slug":"prestations","status":"publish","type":"page","link":"http:\/\/nettoyage-ascenseurs-vitres.com\/index.php\/prestations\/","title":{"rendered":"NOS PRESTATIONS"},"content":{"rendered":"<p>[vc_row full_width=&#8221;stretch_row_content_no_spaces&#8221; css=&#8221;.vc_custom_1600786974384{background-image: url(http:\/\/nettoyage-ascenseurs-vitres.com\/wp-content\/uploads\/2020\/09\/f2a-1.jpg?id=25213) !important;background-position: center !important;background-repeat: no-repeat !important;background-size: cover !important;}&#8221;][vc_column css=&#8221;.vc_custom_1602693299539{padding-top: 200px !important;padding-bottom: 200px !important;}&#8221;][\/vc_column][\/vc_row][vc_row full_width=&#8221;stretch_row_content_no_spaces&#8221; css=&#8221;.vc_custom_1600720146866{background-position: center !important;background-repeat: no-repeat !important;background-size: cover !important;}&#8221;][vc_column][vc_column_text]<\/p>\n<h3 style=\"text-align: center;\">nettoyage des ascenceurs : vitr\u00e9s &#8211; grillag\u00e9s &#8211; t\u00f4l\u00e9s &#8211; ma\u00e7onn\u00e9s<\/h3>\n<p>[\/vc_column_text][\/vc_column][\/vc_row][vc_row css=&#8221;.vc_custom_1601579876009{background-position: center !important;background-repeat: no-repeat !important;background-size: cover !important;}&#8221;][vc_column width=&#8221;1\/2&#8243;][vc_single_image image=&#8221;25576&#8243; img_size=&#8221;400 x 500&#8243; alignment=&#8221;center&#8221; css=&#8221;.vc_custom_1603870716762{padding-right: 50px !important;}&#8221;][\/vc_column][vc_column width=&#8221;1\/2&#8243; css=&#8221;.vc_custom_1600787258772{padding-right: 150px !important;}&#8221;][vc_column_text]<\/p>\n<p style=\"text-align: justify;\"><span style=\"color: #000000;\"><span style=\"color: #000000;\"><b>Nett&#8217; Ascenseurs Vitr\u00e9s\u00a0<\/b>intervient dans l&#8217;entretien et le nettoyage de vos ascenseurs : vitr\u00e9s, grillag\u00e9s, t\u00f4l\u00e9s, ma\u00e7onn\u00e9s&#8230;<\/span><\/span><\/p>\n<p style=\"text-align: justify;\"><span style=\"color: #000000;\">Nos \u00e9quipes interviennent sur Paris et l&#8217;ensemble de l&#8217;\u00cele-de-France pour vous apporter s\u00e9r\u00e9nit\u00e9 et confort dans l&#8217;utilisation de vos ascenseurs.<\/span><\/p>\n<p style=\"text-align: justify;\"><span style=\"color: #000000;\">Notre personnel est form\u00e9 et qualifi\u00e9 pour l&#8217;ex\u00e9cution de nombreuses actions d\u00e9licates et sp\u00e9cifiques \u00e0 pr\u00e9voir.<\/span><\/p>\n<p>[\/vc_column_text][vc_column_text]<\/p>\n<h4><span style=\"color: #013d50;\">nos sp\u00e9cificit\u00e9s<\/span><\/h4>\n<p>[\/vc_column_text][vc_column_text css=&#8221;.vc_custom_1603871019570{padding-top: 10px !important;padding-right: 20px !important;padding-bottom: 10px !important;padding-left: 20px !important;background-color: #026a8b !important;}&#8221;]<\/p>\n<ul>\n<li><span style=\"color: #ffffff;\">Manipulation stricte des ascenseurs<\/span><\/li>\n<li><span style=\"color: #ffffff;\">Nettoyage de tous types de machinerie<\/span><\/li>\n<li><span style=\"color: #ffffff;\">Pompage en fosse<\/span><\/li>\n<li><span style=\"color: #ffffff;\">Remplacement des vitrages cass\u00e9s : pyl\u00f4ne, cabine, portes pali\u00e8res, impostes<\/span><\/li>\n<li><span style=\"color: #ffffff;\">Remplacement des vitres de porte cabine Slycma<\/span><\/li>\n<li><span style=\"color: #ffffff;\">Nettoyage de salissures suite aux travaux sur ascenseur<\/span><\/li>\n<li><span style=\"color: #ffffff;\">Remplacement des miroirs<\/span><\/li>\n<\/ul>\n<p>[\/vc_column_text][\/vc_column][\/vc_row][vc_row][vc_column][vc_row_inner][vc_column_inner width=&#8221;1\/3&#8243;][vc_single_image image=&#8221;25533&#8243; img_size=&#8221;250&#215;250&#8243; alignment=&#8221;center&#8221; style=&#8221;vc_box_circle&#8221;][\/vc_column_inner][vc_column_inner width=&#8221;1\/3&#8243;][vc_single_image image=&#8221;25514&#8243; img_size=&#8221;250&#215;250&#8243; alignment=&#8221;center&#8221; style=&#8221;vc_box_circle&#8221;][\/vc_column_inner][vc_column_inner width=&#8221;1\/3&#8243;][vc_single_image image=&#8221;25535&#8243; img_size=&#8221;250&#215;250&#8243; alignment=&#8221;center&#8221; style=&#8221;vc_box_circle&#8221;][\/vc_column_inner][\/vc_row_inner][vc_row_inner][vc_column_inner width=&#8221;1\/3&#8243;][vc_single_image image=&#8221;25529&#8243; img_size=&#8221;250&#215;250&#8243; alignment=&#8221;center&#8221; style=&#8221;vc_box_circle&#8221;][\/vc_column_inner][vc_column_inner width=&#8221;1\/3&#8243;][vc_single_image image=&#8221;25534&#8243; img_size=&#8221;250&#215;250&#8243; alignment=&#8221;center&#8221; style=&#8221;vc_box_circle&#8221;][\/vc_column_inner][vc_column_inner width=&#8221;1\/3&#8243;][vc_single_image image=&#8221;25531&#8243; img_size=&#8221;250&#215;250&#8243; alignment=&#8221;center&#8221; style=&#8221;vc_box_circle&#8221;][\/vc_column_inner][\/vc_row_inner][\/vc_column][\/vc_row][vc_row css=&#8221;.vc_custom_1601579560722{background-color: #dadada !important;background-position: center !important;background-repeat: no-repeat !important;background-size: cover !important;}&#8221;][vc_column][vc_column_text]<\/p>\n<h3 style=\"text-align: center;\"><span style=\"color: #026a8b;\">NOUS INTERVENONS AUPR\u00e8s de nombreux secteurs !<\/span><\/h3>\n<p>[\/vc_column_text][vc_row_inner css=&#8221;.vc_custom_1600787788596{background-color: #dadada !important;}&#8221;][vc_column_inner width=&#8221;1\/5&#8243;][vc_single_image image=&#8221;25208&#8243; alignment=&#8221;center&#8221; el_class=&#8221;round-image&#8221;][vc_column_text]<\/p>\n<p style=\"text-align: center;\"><span style=\"color: #000000;\">Syndic de coproprit\u00e9 Administrateurs de biens<\/span><\/p>\n<p>[\/vc_column_text][\/vc_column_inner][vc_column_inner width=&#8221;1\/5&#8243;][vc_single_image image=&#8221;25205&#8243; alignment=&#8221;center&#8221; el_class=&#8221;round-image&#8221;][vc_column_text]<\/p>\n<p style=\"text-align: center;\"><span style=\"color: #000000;\">Ascensoristes<\/span><\/p>\n<p>[\/vc_column_text][\/vc_column_inner][vc_column_inner width=&#8221;1\/5&#8243;][vc_single_image image=&#8221;25204&#8243; alignment=&#8221;center&#8221; el_class=&#8221;round-image&#8221;][vc_column_text]<\/p>\n<p style=\"text-align: center;\"><span style=\"color: #000000;\">Lieux publics<br \/>\n(gare, a\u00e9roport&#8230;)<\/span><\/p>\n<p>[\/vc_column_text][\/vc_column_inner][vc_column_inner width=&#8221;1\/5&#8243;][vc_single_image image=&#8221;25206&#8243; alignment=&#8221;center&#8221; el_class=&#8221;round-image&#8221;][vc_column_text]<\/p>\n<p style=\"text-align: center;\"><span style=\"color: #000000;\">Bureaux priv\u00e9s<\/span><\/p>\n<p>[\/vc_column_text][\/vc_column_inner][vc_column_inner width=&#8221;1\/5&#8243;][vc_single_image image=&#8221;25207&#8243; alignment=&#8221;center&#8221; el_class=&#8221;round-image&#8221;][vc_column_text]<\/p>\n<p style=\"text-align: center;\"><span style=\"color: #000000;\">Lieux priv\u00e9s<br \/>\n(centre commerciaux&#8230;)<\/span><\/p>\n<p>[\/vc_column_text][\/vc_column_inner][\/vc_row_inner][\/vc_column][\/vc_row]<\/p>\n","protected":false},"excerpt":{"rendered":"<p>[vc_row full_width=&#8221;stretch_row_content_no_spaces&#8221; css=&#8221;.vc_custom_1600786974384{background-image: url(http:\/\/nettoyage-ascenseurs-vitres.com\/wp-content\/uploads\/2020\/09\/f2a-1.jpg?id=25213) !important;background-position: center !important;background-repeat: no-repeat !important;background-size: cover !important;}&#8221;][vc_column css=&#8221;.vc_custom_1602693299539{padding-top: 200px !important;padding-bottom: 200px !important;}&#8221;][\/vc_column][\/vc_row][vc_row full_width=&#8221;stretch_row_content_no_spaces&#8221; css=&#8221;.vc_custom_1600720146866{background-position: center !important;background-repeat:&#8230;<\/p>\n","protected":false},"author":1,"featured_media":0,"parent":0,"menu_order":0,"comment_status":"closed","ping_status":"closed","template":"","meta":[],"_links":{"self":[{"href":"http:\/\/nettoyage-ascenseurs-vitres.com\/index.php\/wp-json\/wp\/v2\/pages\/25243"}],"collection":[{"href":"http:\/\/nettoyage-ascenseurs-vitres.com\/index.php\/wp-json\/wp\/v2\/pages"}],"about":[{"href":"http:\/\/nettoyage-ascenseurs-vitres.com\/index.php\/wp-json\/wp\/v2\/types\/page"}],"author":[{"embeddable":true,"href":"http:\/\/nettoyage-ascenseurs-vitres.com\/index.php\/wp-json\/wp\/v2\/users\/1"}],"replies":[{"embeddable":true,"href":"http:\/\/nettoyage-ascenseurs-vitres.com\/index.php\/wp-json\/wp\/v2\/comments?post=25243"}],"version-history":[{"count":0,"href":"http:\/\/nettoyage-ascenseurs-vitres.com\/index.php\/wp-json\/wp\/v2\/pages\/25243\/revisions"}],"wp:attachment":[{"href":"http:\/\/nettoyage-ascenseurs-vitres.com\/index.php\/wp-json\/wp\/v2\/media?parent=25243"}],"curies":[{"name":"wp","href":"https:\/\/api.w.org\/{rel}","templated":true}]}}