{"id":17055,"date":"2016-03-29T08:20:08","date_gmt":"2016-03-29T06:20:08","guid":{"rendered":"http:\/\/democontent.codex-themes.com\/thegem\/?page_id=17055"},"modified":"2020-10-17T05:21:43","modified_gmt":"2020-10-17T03:21:43","slug":"accueil","status":"publish","type":"page","link":"https:\/\/nettoyage-ascenseurs-vitres.com\/","title":{"rendered":"Accueil"},"content":{"rendered":"<p>[vc_row full_width=&#8221;stretch_row_content_no_spaces&#8221; css=&#8221;.vc_custom_1600719812233{background-image: url(http:\/\/nettoyage-ascenseurs-vitres.com\/wp-content\/uploads\/2020\/09\/6339-scaled.jpg?id=25210) !important;background-position: center !important;background-repeat: no-repeat !important;background-size: cover !important;}&#8221;][vc_column width=&#8221;1\/6&#8243; css=&#8221;.vc_custom_1602585970785{padding-top: 250px !important;padding-bottom: 250px !important;}&#8221; el_class=&#8221;text-accueil&#8221;][\/vc_column][vc_column width=&#8221;2\/3&#8243; el_class=&#8221;text-accueil&#8221; css=&#8221;.vc_custom_1602693210588{padding-top: 150px !important;padding-bottom: 150px !important;background-color: rgba(188,188,188,0.34) !important;*background-color: rgb(188,188,188) !important;}&#8221;][vc_column_text css=&#8221;.vc_custom_1602585780071{padding-top: 30px !important;padding-bottom: 30px !important;background-color: #dbdbdb !important;}&#8221;]<\/p>\n<h1 style=\"text-align: center;\"><span style=\"color: #026a8b;\">sp\u00e9cialiste du nettoyage des ascenseurs vitr\u00e9s<\/span><\/h1>\n<p>[\/vc_column_text][\/vc_column][vc_column width=&#8221;1\/6&#8243;][\/vc_column][\/vc_row][vc_row full_width=&#8221;stretch_row_content_no_spaces&#8221; css=&#8221;.vc_custom_1600720146866{background-position: center !important;background-repeat: no-repeat !important;background-size: cover !important;}&#8221;][vc_column][vc_column_text]<\/p>\n<h3 style=\"text-align: center;\"><span style=\"color: #026a8b;\">le nettoyage des ascenceurs vitr\u00e9s, notre m\u00e9tier !<\/span><\/h3>\n<p>[\/vc_column_text][\/vc_column][\/vc_row][vc_row css=&#8221;.vc_custom_1601230208526{background-position: center !important;background-repeat: no-repeat !important;background-size: cover !important;}&#8221;][vc_column width=&#8221;1\/2&#8243; css=&#8221;.vc_custom_1600786032483{padding-right: 50px !important;}&#8221;][vc_single_image image=&#8221;25214&#8243; img_size=&#8221;250&#215;250&#8243; alignment=&#8221;right&#8221; style=&#8221;vc_box_shadow_border_circle&#8221;][\/vc_column][vc_column width=&#8221;1\/2&#8243;][vc_column_text]<\/p>\n<p style=\"text-align: justify;\"><span style=\"color: #000000;\"><b>Nett&#8217; Ascenseurs Vitr\u00e9s\u00a0<\/b>est sp\u00e9cialis\u00e9 dans le\u00a0<strong>nettoyage des ascenseurs\u00a0<\/strong>et pr\u00e9curseur dans ce domaine. Constitu\u00e9 d&#8217;une \u00e9quipe de professionnels form\u00e9s \u00e0 ce m\u00e9tier particulier et habilit\u00e9s \u00e0 manipuler tous types d&#8217;ascenseurs.<\/span><\/p>\n<p style=\"text-align: justify;\"><span style=\"color: #000000;\">Forte d&#8217;une grande exp\u00e9rience, nous savons intervenir rapidement et r\u00e9pondre \u00e0 vos besoins.<\/span><\/p>\n<p style=\"text-align: justify;\"><span style=\"color: #000000;\">Nous sommes r\u00e9f\u00e9renc\u00e9s aupr\u00e8s de nombreux ascensoristes, syndics et administrateurs de bien. Cette \u00e9troite collaboration a permis de prouver nos comp\u00e9tences et efficacit\u00e9 dans ce m\u00e9tier tr\u00e8s sp\u00e9cifique qu&#8217;est le <strong>nettoyage des ascenseurs.<\/strong><\/span><\/p>\n<p>[\/vc_column_text]<div class=\"gem-button-container gem-button-position-inline\"><a title=\"NOS PRESTATIONS\" class=\"gem-button gem-button-size-medium gem-button-style-outline gem-button-text-weight-normal gem-button-border-2\" style=\"border-radius: 3px;border-color: #1e73be;color: #1e73be;\" onmouseleave=\"this.style.borderColor='#1e73be';this.style.backgroundColor='transparent';this.style.color='#1e73be';\" onmouseenter=\"this.style.backgroundColor='#ffffff';\" href=\"http:\/\/nettoyage-ascenseurs-vitres.com\/index.php\/prestations\/\" target=\"_self\">TOUTES NOS PRESTATIONS<\/a><\/div> [\/vc_column][\/vc_row][vc_row css=&#8221;.vc_custom_1601578131529{background-color: #dadada !important;background-position: center !important;background-repeat: no-repeat !important;background-size: cover !important;}&#8221;][vc_column][vc_column_text]<\/p>\n<h3 style=\"text-align: center;\"><span style=\"color: #026a8b;\">NOUS INTERVENONS AUPR\u00e8s de nombreux secteurs !<\/span><\/h3>\n<p>[\/vc_column_text][vc_row_inner css=&#8221;.vc_custom_1600975432373{padding-right: 50px !important;padding-left: 50px !important;background-color: #dadada !important;}&#8221;][vc_column_inner width=&#8221;1\/5&#8243;][vc_single_image image=&#8221;25208&#8243; alignment=&#8221;center&#8221; el_class=&#8221;round-image&#8221;][vc_column_text]<\/p>\n<p style=\"text-align: center;\"><span style=\"color: #000000;\">Syndic de coproprit\u00e9 Administrateurs de biens<\/span><\/p>\n<p>[\/vc_column_text][\/vc_column_inner][vc_column_inner width=&#8221;1\/5&#8243;][vc_single_image image=&#8221;25205&#8243; alignment=&#8221;center&#8221; el_class=&#8221;round-image&#8221;][vc_column_text]<\/p>\n<p style=\"text-align: center;\"><span style=\"color: #000000;\">Ascensoristes<\/span><\/p>\n<p>[\/vc_column_text][\/vc_column_inner][vc_column_inner width=&#8221;1\/5&#8243;][vc_single_image image=&#8221;25204&#8243; alignment=&#8221;center&#8221; el_class=&#8221;round-image&#8221;][vc_column_text]<\/p>\n<p style=\"text-align: center;\"><span style=\"color: #000000;\">Lieux publics<br \/>\n(gare, a\u00e9roport&#8230;)<\/span><\/p>\n<p>[\/vc_column_text][\/vc_column_inner][vc_column_inner width=&#8221;1\/5&#8243;][vc_single_image image=&#8221;25206&#8243; alignment=&#8221;center&#8221; el_class=&#8221;round-image&#8221;][vc_column_text]<\/p>\n<p style=\"text-align: center;\"><span style=\"color: #000000;\">Bureaux priv\u00e9s<\/span><\/p>\n<p>[\/vc_column_text][\/vc_column_inner][vc_column_inner width=&#8221;1\/5&#8243;][vc_single_image image=&#8221;25207&#8243; alignment=&#8221;center&#8221; el_class=&#8221;round-image&#8221;][vc_column_text]<\/p>\n<p style=\"text-align: center;\"><span style=\"color: #000000;\">Lieux priv\u00e9s<br \/>\n(centre commerciaux&#8230;)<\/span><\/p>\n<p>[\/vc_column_text][\/vc_column_inner][\/vc_row_inner][vc_row_inner][vc_column_inner width=&#8221;1\/2&#8243; css=&#8221;.vc_custom_1600785384952{background-color: #013d50 !important;}&#8221;][vc_column_text]<\/p>\n<h3 style=\"text-align: center;\"><span style=\"color: #ffffff;\">nos certifications<\/span><\/h3>\n<p>[\/vc_column_text][vc_single_image image=&#8221;25211&#8243; img_size=&#8221;large&#8221; alignment=&#8221;center&#8221;][vc_empty_space height=&#8221;41px&#8221;][\/vc_column_inner][vc_column_inner el_class=&#8221;security-bloc&#8221; width=&#8221;1\/2&#8243; css=&#8221;.vc_custom_1601234332353{padding-right: 50px !important;padding-left: 50px !important;background-color: #026a8b !important;}&#8221;][vc_column_text]<\/p>\n<h3 style=\"text-align: center;\"><span style=\"color: #ffffff;\">la s\u00e9curit\u00e9 avant tout !<\/span><\/h3>\n<p>[\/vc_column_text][vc_column_text]<span style=\"color: #ffffff;\">Nous mettons un r\u00e9el point d&#8217;honneur \u00e0 former nos techniciens \u00e0 la s\u00e9curit\u00e9 sur site.<\/span><\/p>\n<p><span style=\"color: #ffffff;\">Pour pr\u00e9venir des risques li\u00e9s \u00e0 notre m\u00e9tier mais \u00e9galement \u00e0 la protection des utilisateurs.<\/span><\/p>\n<p><span style=\"color: #ffffff;\"><strong>TOUT notre personnel est form\u00e9 et certifi\u00e9 par l&#8217;organisme AFORP<\/strong> qui d\u00e9livre une attestation pour la manipulation des ascenseurs.<\/span><\/p>\n<p><span style=\"color: #ffffff;\">Nous sommes sensibles au travail de qualit\u00e9.<\/span>[\/vc_column_text][\/vc_column_inner][\/vc_row_inner][\/vc_column][\/vc_row]<\/p>\n","protected":false},"excerpt":{"rendered":"<p>[vc_row full_width=&#8221;stretch_row_content_no_spaces&#8221; css=&#8221;.vc_custom_1600719812233{background-image: url(http:\/\/nettoyage-ascenseurs-vitres.com\/wp-content\/uploads\/2020\/09\/6339-scaled.jpg?id=25210) !important;background-position: center !important;background-repeat: no-repeat !important;background-size: cover !important;}&#8221;][vc_column width=&#8221;1\/6&#8243; css=&#8221;.vc_custom_1602585970785{padding-top: 250px !important;padding-bottom: 250px !important;}&#8221; el_class=&#8221;text-accueil&#8221;][\/vc_column][vc_column width=&#8221;2\/3&#8243; el_class=&#8221;text-accueil&#8221;&#8230;<\/p>\n","protected":false},"author":1,"featured_media":0,"parent":0,"menu_order":0,"comment_status":"closed","ping_status":"closed","template":"","meta":[],"_links":{"self":[{"href":"https:\/\/nettoyage-ascenseurs-vitres.com\/index.php\/wp-json\/wp\/v2\/pages\/17055"}],"collection":[{"href":"https:\/\/nettoyage-ascenseurs-vitres.com\/index.php\/wp-json\/wp\/v2\/pages"}],"about":[{"href":"https:\/\/nettoyage-ascenseurs-vitres.com\/index.php\/wp-json\/wp\/v2\/types\/page"}],"author":[{"embeddable":true,"href":"https:\/\/nettoyage-ascenseurs-vitres.com\/index.php\/wp-json\/wp\/v2\/users\/1"}],"replies":[{"embeddable":true,"href":"https:\/\/nettoyage-ascenseurs-vitres.com\/index.php\/wp-json\/wp\/v2\/comments?post=17055"}],"version-history":[{"count":0,"href":"https:\/\/nettoyage-ascenseurs-vitres.com\/index.php\/wp-json\/wp\/v2\/pages\/17055\/revisions"}],"wp:attachment":[{"href":"https:\/\/nettoyage-ascenseurs-vitres.com\/index.php\/wp-json\/wp\/v2\/media?parent=17055"}],"curies":[{"name":"wp","href":"https:\/\/api.w.org\/{rel}","templated":true}]}}