{"id":25244,"date":"2020-09-21T22:41:52","date_gmt":"2020-09-21T20:41:52","guid":{"rendered":"http:\/\/nettoyage-ascenseurs-vitres.com\/?page_id=25244"},"modified":"2020-10-29T14:44:00","modified_gmt":"2020-10-29T13:44:00","slug":"presentation","status":"publish","type":"page","link":"https:\/\/nettoyage-ascenseurs-vitres.com\/index.php\/presentation\/","title":{"rendered":"QUI SOMMES-NOUS ?"},"content":{"rendered":"<p>[vc_row full_width=&#8221;stretch_row_content_no_spaces&#8221; css=&#8221;.vc_custom_1602646958216{background-image: url(http:\/\/nettoyage-ascenseurs-vitres.com\/wp-content\/uploads\/2020\/10\/KP_Elevator_HomePg-scaled-2.jpeg?id=25517) !important;background-position: center !important;background-repeat: no-repeat !important;background-size: cover !important;}&#8221;][vc_column css=&#8221;.vc_custom_1602693268386{padding-top: 200px !important;padding-bottom: 200px !important;}&#8221;][\/vc_column][\/vc_row][vc_row full_width=&#8221;stretch_row_content_no_spaces&#8221; css=&#8221;.vc_custom_1600720146866{background-position: center !important;background-repeat: no-repeat !important;background-size: cover !important;}&#8221;][vc_column][vc_column_text]<\/p>\n<h3 style=\"text-align: center;\"><span style=\"color: #026a8b;\">nett&#8217; ascenceurs vitr\u00e9s<\/span><span style=\"color: #dadada;\">, votre partenaire de nettoyage<\/span><\/h3>\n<p>[\/vc_column_text][\/vc_column][\/vc_row][vc_row full_width=&#8221;stretch_row&#8221; css=&#8221;.vc_custom_1600786643645{background-position: center !important;background-repeat: no-repeat !important;background-size: cover !important;}&#8221;][vc_column width=&#8221;1\/3&#8243;][vc_single_image image=&#8221;25212&#8243; img_size=&#8221;250&#215;250&#8243; alignment=&#8221;center&#8221; style=&#8221;vc_box_circle&#8221;][vc_column_text]<\/p>\n<h6 style=\"text-align: center;\"><span style=\"color: #000000;\">SERVICES<\/span><\/h6>\n<p>[\/vc_column_text][vc_column_text]<\/p>\n<p style=\"text-align: justify;\"><span style=\"color: #000000;\"><strong>Nett&#8217; Ascenseurs vitr\u00e9s\u00a0<\/strong>intervient sur l&#8217;ensemble des prestations de nettoyage des ascenseurs en \u00cele-de-France. Nous proposons des prestations compl\u00e8tes pour vous assurer une r\u00e9elle tranquillit\u00e9.<\/span><\/p>\n<p style=\"text-align: justify;\"><span style=\"color: #000000;\">Nous faisons une \u00e9valuation compl\u00e8te et d\u00e9taill\u00e9e de vos besoins tout en respectant vos exigences et d\u00e9lais.<\/span><\/p>\n<p>[\/vc_column_text][\/vc_column][vc_column width=&#8221;1\/3&#8243;][vc_single_image image=&#8221;25514&#8243; img_size=&#8221;250&#215;250&#8243; alignment=&#8221;center&#8221; style=&#8221;vc_box_circle&#8221;][vc_column_text]<\/p>\n<h6 style=\"text-align: center;\"><span style=\"color: #000000;\">PROFESSIONNELS<\/span><\/h6>\n<p>[\/vc_column_text][vc_column_text]<\/p>\n<p style=\"text-align: justify;\"><span style=\"color: #000000;\">Nos \u00e9quipes sont compos\u00e9es de professionnels habilit\u00e9s \u00e0 manipuler les ascenseurs.<\/span><\/p>\n<p style=\"text-align: justify;\"><span style=\"color: #000000;\">Toutes nos interventions sont effectu\u00e9es dans le respect des r\u00e8gles de s\u00e9curit\u00e9.<\/span><\/p>\n<p>[\/vc_column_text][\/vc_column][vc_column width=&#8221;1\/3&#8243;][vc_single_image image=&#8221;25516&#8243; img_size=&#8221;250&#215;250&#8243; alignment=&#8221;center&#8221; style=&#8221;vc_box_circle&#8221;][vc_column_text]<\/p>\n<h6 style=\"text-align: center;\"><span style=\"color: #000000;\">SPECIALISTES<\/span><\/h6>\n<p>[\/vc_column_text][vc_column_text]<\/p>\n<p style=\"text-align: justify;\"><span style=\"color: #000000;\">Depuis plus de 20 ans, <strong>Nett&#8217; Ascenseurs Vitr\u00e9s<\/strong> intervient aupr\u00e8s des syndics de copropri\u00e9t\u00e9, administrateurs de biens, locaux priv\u00e9s ou publics pour l&#8217;entretien et le nettoyage des ascenseurs.<\/span><\/p>\n<p style=\"text-align: justify;\"><span style=\"color: #000000;\">Notre exp\u00e9rience et la qualit\u00e9 de nos prestations vous assureront un r\u00e9sultat appr\u00e9ciable et optimisera la long\u00e9vit\u00e9 de vos ascenseurs.<\/span><\/p>\n<p>[\/vc_column_text][\/vc_column][\/vc_row][vc_row][vc_column width=&#8221;1\/2&#8243; css=&#8221;.vc_custom_1601231974223{background-color: #013d50 !important;}&#8221;][vc_column_text]<\/p>\n<h3 style=\"text-align: center;\"><span style=\"color: #ffffff;\">Nos certifications<\/span><\/h3>\n<p>[\/vc_column_text][vc_single_image image=&#8221;25211&#8243; img_size=&#8221;large&#8221; alignment=&#8221;center&#8221;][vc_empty_space height=&#8221;16px&#8221;][vc_empty_space][\/vc_column][vc_column width=&#8221;1\/2&#8243; css=&#8221;.vc_custom_1601577522475{background-color: #026a8b !important;}&#8221; el_class=&#8221;security-bloc&#8221;][vc_column_text]<\/p>\n<h3 style=\"text-align: center;\"><span style=\"color: #ffffff;\">la s\u00e9curit\u00e9 avant tout !<\/span><\/h3>\n<p>[\/vc_column_text][vc_column_text]<span style=\"color: #ffffff;\">Nous mettons un r\u00e9el point d&#8217;honneur \u00e0 former nos techniciens \u00e0 la s\u00e9curit\u00e9 sur site.<\/span><\/p>\n<p><span style=\"color: #ffffff;\">Pour pr\u00e9venir des risques li\u00e9s \u00e0 notre m\u00e9tier mais \u00e9galement \u00e0 la protection des utilisateurs.<\/span><\/p>\n<p><span style=\"color: #ffffff;\"><strong>TOUT notre personnel est form\u00e9 et certifi\u00e9 par l&#8217;organisme AFORP<\/strong> qui d\u00e9livre une attestation pour la manipulation des ascenseurs.<\/span><\/p>\n<p><span style=\"color: #ffffff;\">Nous sommes sensibles au travail de qualit\u00e9.<\/span>[\/vc_column_text][vc_empty_space][\/vc_column][\/vc_row]<\/p>\n","protected":false},"excerpt":{"rendered":"<p>[vc_row full_width=&#8221;stretch_row_content_no_spaces&#8221; css=&#8221;.vc_custom_1602646958216{background-image: url(http:\/\/nettoyage-ascenseurs-vitres.com\/wp-content\/uploads\/2020\/10\/KP_Elevator_HomePg-scaled-2.jpeg?id=25517) !important;background-position: center !important;background-repeat: no-repeat !important;background-size: cover !important;}&#8221;][vc_column css=&#8221;.vc_custom_1602693268386{padding-top: 200px !important;padding-bottom: 200px !important;}&#8221;][\/vc_column][\/vc_row][vc_row full_width=&#8221;stretch_row_content_no_spaces&#8221; css=&#8221;.vc_custom_1600720146866{background-position: center !important;background-repeat:&#8230;<\/p>\n","protected":false},"author":1,"featured_media":0,"parent":0,"menu_order":0,"comment_status":"closed","ping_status":"closed","template":"","meta":[],"_links":{"self":[{"href":"https:\/\/nettoyage-ascenseurs-vitres.com\/index.php\/wp-json\/wp\/v2\/pages\/25244"}],"collection":[{"href":"https:\/\/nettoyage-ascenseurs-vitres.com\/index.php\/wp-json\/wp\/v2\/pages"}],"about":[{"href":"https:\/\/nettoyage-ascenseurs-vitres.com\/index.php\/wp-json\/wp\/v2\/types\/page"}],"author":[{"embeddable":true,"href":"https:\/\/nettoyage-ascenseurs-vitres.com\/index.php\/wp-json\/wp\/v2\/users\/1"}],"replies":[{"embeddable":true,"href":"https:\/\/nettoyage-ascenseurs-vitres.com\/index.php\/wp-json\/wp\/v2\/comments?post=25244"}],"version-history":[{"count":0,"href":"https:\/\/nettoyage-ascenseurs-vitres.com\/index.php\/wp-json\/wp\/v2\/pages\/25244\/revisions"}],"wp:attachment":[{"href":"https:\/\/nettoyage-ascenseurs-vitres.com\/index.php\/wp-json\/wp\/v2\/media?parent=25244"}],"curies":[{"name":"wp","href":"https:\/\/api.w.org\/{rel}","templated":true}]}}